{"id":465,"date":"2022-03-06T17:11:53","date_gmt":"2022-03-06T17:11:53","guid":{"rendered":"https:\/\/new.hundefreunde-hochrhein.org\/?page_id=465"},"modified":"2023-09-06T17:21:45","modified_gmt":"2023-09-06T16:21:45","slug":"longieren-2","status":"publish","type":"page","link":"https:\/\/hundefreunde-hochrhein.org\/?page_id=465","title":{"rendered":"Longieren\u00a0"},"content":{"rendered":"\n<div class=\"wp-block-media-text alignwide is-stacked-on-mobile\" style=\"grid-template-columns:31% auto\"><figure class=\"wp-block-media-text__media\"><img loading=\"lazy\" decoding=\"async\" width=\"1024\" height=\"682\" src=\"https:\/\/hundefreunde-hochrhein.org\/wp-content\/uploads\/2022\/02\/Longieren-1024x682.jpeg\" alt=\"\" class=\"wp-image-156 size-full\" srcset=\"https:\/\/hundefreunde-hochrhein.org\/wp-content\/uploads\/2022\/02\/Longieren-1024x682.jpeg 1024w, https:\/\/hundefreunde-hochrhein.org\/wp-content\/uploads\/2022\/02\/Longieren-300x200.jpeg 300w, https:\/\/hundefreunde-hochrhein.org\/wp-content\/uploads\/2022\/02\/Longieren-768x512.jpeg 768w, https:\/\/hundefreunde-hochrhein.org\/wp-content\/uploads\/2022\/02\/Longieren.jpeg 1280w\" sizes=\"auto, (max-width: 1024px) 100vw, 1024px\" \/><\/figure><div class=\"wp-block-media-text__content\">\n<p>Longieren mit Hund oder Longiertraining hat seinen Ursprung in der H\u00fctearbeit. <\/p>\n\n\n\n<p>Der Hund l\u00e4uft au\u00dfen um einen Kreis und wird dabei mit K\u00f6rpersprache und Kommandos des Hundef\u00fchrers gef\u00fchrt. <\/p>\n<\/div><\/div>\n\n\n\n<div style=\"height:30px\" aria-hidden=\"true\" class=\"wp-block-spacer\"><\/div>\n\n\n\n<p>So wird abwechslungsreich an der Bindung mit seinem Hund gearbeitet und die Kommunikation wird verfeinert. Damit es nicht langweilig wird, k\u00f6nnen verschiedene Ger\u00e4te wie z.B. Tunnel oder Slalom eingebaut werden.<\/p>\n\n\n\n<div style=\"height:50px\" aria-hidden=\"true\" class=\"wp-block-spacer\"><\/div>\n\n\n\n<div class=\"wp-block-buttons alignwide is-content-justification-center is-layout-flex wp-container-core-buttons-is-layout-a89b3969 wp-block-buttons-is-layout-flex\">\n<div class=\"wp-block-button\"><a class=\"wp-block-button__link wp-element-button\" href=\"https:\/\/hundefreunde-hochrhein.org\/?page_id=390\" target=\"_blank\" rel=\"noreferrer noopener\">kontaktiere uns<\/a><\/div>\n<\/div>\n\n\n\n<div style=\"height:50px\" aria-hidden=\"true\" class=\"wp-block-spacer\"><\/div>\n","protected":false},"excerpt":{"rendered":"<p>Longieren mit Hund oder Longiertraining hat seinen Ursprung in der H\u00fctearbeit. Der Hund l\u00e4uft au\u00dfen um einen Kreis und wird dabei mit K\u00f6rpersprache und Kommandos des Hundef\u00fchrers gef\u00fchrt. So wird abwechslungsreich an der Bindung mit seinem Hund gearbeitet und die Kommunikation wird verfeinert. Damit es nicht langweilig wird, k\u00f6nnen verschiedene Ger\u00e4te wie z.B. Tunnel oder &hellip; <\/p>\n<p class=\"link-more\"><a href=\"https:\/\/hundefreunde-hochrhein.org\/?page_id=465\" class=\"more-link\">Mehr <span class=\"screen-reader-text\">\u00fcber &#8222;Longieren\u00a0&#8220; <\/span>Lesen<\/a><\/p>\n","protected":false},"author":3,"featured_media":0,"parent":377,"menu_order":0,"comment_status":"closed","ping_status":"closed","template":"","meta":{"inspiro_hide_title":false,"footnotes":""},"class_list":["post-465","page","type-page","status-publish","hentry"],"_links":{"self":[{"href":"https:\/\/hundefreunde-hochrhein.org\/index.php?rest_route=\/wp\/v2\/pages\/465","targetHints":{"allow":["GET"]}}],"collection":[{"href":"https:\/\/hundefreunde-hochrhein.org\/index.php?rest_route=\/wp\/v2\/pages"}],"about":[{"href":"https:\/\/hundefreunde-hochrhein.org\/index.php?rest_route=\/wp\/v2\/types\/page"}],"author":[{"embeddable":true,"href":"https:\/\/hundefreunde-hochrhein.org\/index.php?rest_route=\/wp\/v2\/users\/3"}],"replies":[{"embeddable":true,"href":"https:\/\/hundefreunde-hochrhein.org\/index.php?rest_route=%2Fwp%2Fv2%2Fcomments&post=465"}],"version-history":[{"count":4,"href":"https:\/\/hundefreunde-hochrhein.org\/index.php?rest_route=\/wp\/v2\/pages\/465\/revisions"}],"predecessor-version":[{"id":1045,"href":"https:\/\/hundefreunde-hochrhein.org\/index.php?rest_route=\/wp\/v2\/pages\/465\/revisions\/1045"}],"up":[{"embeddable":true,"href":"https:\/\/hundefreunde-hochrhein.org\/index.php?rest_route=\/wp\/v2\/pages\/377"}],"wp:attachment":[{"href":"https:\/\/hundefreunde-hochrhein.org\/index.php?rest_route=%2Fwp%2Fv2%2Fmedia&parent=465"}],"curies":[{"name":"wp","href":"https:\/\/api.w.org\/{rel}","templated":true}]}}