{"id":459,"date":"2022-03-06T17:05:21","date_gmt":"2022-03-06T17:05:21","guid":{"rendered":"https:\/\/new.hundefreunde-hochrhein.org\/?page_id=459"},"modified":"2023-09-06T17:19:37","modified_gmt":"2023-09-06T16:19:37","slug":"hoopers","status":"publish","type":"page","link":"https:\/\/hundefreunde-hochrhein.org\/?page_id=459","title":{"rendered":"Hoopers\u00a0"},"content":{"rendered":"\n<div class=\"wp-block-media-text alignwide is-stacked-on-mobile\" style=\"grid-template-columns:39% auto\"><figure class=\"wp-block-media-text__media\"><img loading=\"lazy\" decoding=\"async\" width=\"1024\" height=\"683\" src=\"https:\/\/hundefreunde-hochrhein.org\/wp-content\/uploads\/2022\/02\/IMG_3519-1024x683.jpg\" alt=\"\" class=\"wp-image-312 size-full\" srcset=\"https:\/\/hundefreunde-hochrhein.org\/wp-content\/uploads\/2022\/02\/IMG_3519-1024x683.jpg 1024w, https:\/\/hundefreunde-hochrhein.org\/wp-content\/uploads\/2022\/02\/IMG_3519-300x200.jpg 300w, https:\/\/hundefreunde-hochrhein.org\/wp-content\/uploads\/2022\/02\/IMG_3519-768x512.jpg 768w\" sizes=\"auto, (max-width: 1024px) 100vw, 1024px\" \/><\/figure><div class=\"wp-block-media-text__content\">\n<p>Hoopers, auch bekannt unter den Namen Hoopers-Agility oder N.A.D.A.C. ist eine junge Hundesportart, die ihren Ursprung in den USA hat. <\/p>\n\n\n\n<p>Auch in Europa findet Hoopers langsam aber sicher immer mehr Anh\u00e4nger und ist inzwischen schon von gro\u00dfen Vereinen anerkannt.<\/p>\n<\/div><\/div>\n\n\n\n<div style=\"height:30px\" aria-hidden=\"true\" class=\"wp-block-spacer\"><\/div>\n\n\n\n<p>Beim Hoopers geht es darum, Hindernisparcours bestehend aus z.B. sogenannten Hoops, Tunnel, Tonnen, Pylonen, Slalom und Gates fehlerfrei zu bew\u00e4ltigen. Eine gute Zusammenarbeit zwischen Mensch\/Hund und ein hohes Ma\u00df an Konzentration sind Grundlagen f\u00fcr diese Sportart.<\/p>\n\n\n\n<p>Hoopers ist f\u00fcr jedes Team geeignet, das Spa\u00df an der Zusammenarbeit hat! Alter, Rasse und Gr\u00f6\u00dfe spielen grunds\u00e4tzlich keine Rolle. Auch Hunde mit k\u00f6rperlichen Einschr\u00e4nkungen k\u00f6nnen ohne Probleme mitmachen, da sie nicht springen m\u00fcssen und die Zeit nicht im Vordergrund steht.<\/p>\n\n\n\n<div style=\"height:50px\" aria-hidden=\"true\" class=\"wp-block-spacer\"><\/div>\n\n\n\n<div class=\"wp-block-buttons alignwide is-content-justification-center is-layout-flex wp-container-core-buttons-is-layout-a89b3969 wp-block-buttons-is-layout-flex\">\n<div class=\"wp-block-button\"><a class=\"wp-block-button__link wp-element-button\" href=\"https:\/\/hundefreunde-hochrhein.org\/?page_id=390\" target=\"_blank\" rel=\"noreferrer noopener\">kontaktiere uns<\/a><\/div>\n<\/div>\n\n\n\n<div style=\"height:50px\" aria-hidden=\"true\" class=\"wp-block-spacer\"><\/div>\n","protected":false},"excerpt":{"rendered":"<p>Hoopers, auch bekannt unter den Namen Hoopers-Agility oder N.A.D.A.C. ist eine junge Hundesportart, die ihren Ursprung in den USA hat. Auch in Europa findet Hoopers langsam aber sicher immer mehr Anh\u00e4nger und ist inzwischen schon von gro\u00dfen Vereinen anerkannt. Beim Hoopers geht es darum, Hindernisparcours bestehend aus z.B. sogenannten Hoops, Tunnel, Tonnen, Pylonen, Slalom und &hellip; <\/p>\n<p class=\"link-more\"><a href=\"https:\/\/hundefreunde-hochrhein.org\/?page_id=459\" class=\"more-link\">Mehr <span class=\"screen-reader-text\">\u00fcber &#8222;Hoopers\u00a0&#8220; <\/span>Lesen<\/a><\/p>\n","protected":false},"author":3,"featured_media":0,"parent":377,"menu_order":0,"comment_status":"closed","ping_status":"closed","template":"","meta":{"inspiro_hide_title":false,"footnotes":""},"class_list":["post-459","page","type-page","status-publish","hentry"],"_links":{"self":[{"href":"https:\/\/hundefreunde-hochrhein.org\/index.php?rest_route=\/wp\/v2\/pages\/459","targetHints":{"allow":["GET"]}}],"collection":[{"href":"https:\/\/hundefreunde-hochrhein.org\/index.php?rest_route=\/wp\/v2\/pages"}],"about":[{"href":"https:\/\/hundefreunde-hochrhein.org\/index.php?rest_route=\/wp\/v2\/types\/page"}],"author":[{"embeddable":true,"href":"https:\/\/hundefreunde-hochrhein.org\/index.php?rest_route=\/wp\/v2\/users\/3"}],"replies":[{"embeddable":true,"href":"https:\/\/hundefreunde-hochrhein.org\/index.php?rest_route=%2Fwp%2Fv2%2Fcomments&post=459"}],"version-history":[{"count":5,"href":"https:\/\/hundefreunde-hochrhein.org\/index.php?rest_route=\/wp\/v2\/pages\/459\/revisions"}],"predecessor-version":[{"id":1044,"href":"https:\/\/hundefreunde-hochrhein.org\/index.php?rest_route=\/wp\/v2\/pages\/459\/revisions\/1044"}],"up":[{"embeddable":true,"href":"https:\/\/hundefreunde-hochrhein.org\/index.php?rest_route=\/wp\/v2\/pages\/377"}],"wp:attachment":[{"href":"https:\/\/hundefreunde-hochrhein.org\/index.php?rest_route=%2Fwp%2Fv2%2Fmedia&parent=459"}],"curies":[{"name":"wp","href":"https:\/\/api.w.org\/{rel}","templated":true}]}}