{"id":382,"date":"2022-03-06T14:09:26","date_gmt":"2022-03-06T14:09:26","guid":{"rendered":"https:\/\/new.hundefreunde-hochrhein.org\/?page_id=382"},"modified":"2026-01-05T16:35:41","modified_gmt":"2026-01-05T15:35:41","slug":"trainer","status":"publish","type":"page","link":"https:\/\/hundefreunde-hochrhein.org\/?page_id=382","title":{"rendered":"Trainer"},"content":{"rendered":"\n<p class=\"has-text-align-center has-medium-font-size\">Unsere Trainer setzen sich f\u00fcr einen funktionierenden Trainingsbetrieb ein und planen die \u00dcbungseinheiten mit viel liebe zum Detail. <\/p>\n\n\n\n<p class=\"has-text-align-center has-medium-font-size\">Der Spa\u00df soll immer im Vordergrund stehen und die Bindung zwischen Hund und Mensch soll gefestigt werden.<\/p>\n\n\n\n<p><\/p>\n\n\n\n<p><\/p>\n\n\n\n<p class=\"has-text-align-center has-medium-font-size\"><strong>Seit 2023 haben Nicole und Anna-Lena den \u201eTrainerschein Hoopers\u201c vom swhv. <\/strong><\/p>\n\n\n\n<div style=\"height:30px\" aria-hidden=\"true\" class=\"wp-block-spacer\"><\/div>\n\n\n<div id=\"awsm-team-936\" class=\"awsm-grid-wrapper\">\n\t\t\t<div class=\"awsm-grid cards-style style-1 grid-3-col \">\n\t\t\t\t\t\t<div id=\"awsm-member-936-939\" class=\"awsm-grid-card\">\n\t\t\t\t   <figure>\n\t\t\t\t\t\t<img loading=\"lazy\" decoding=\"async\" width=\"227\" height=\"209\" src=\"https:\/\/hundefreunde-hochrhein.org\/wp-content\/uploads\/2022\/03\/Daniel-1.jpg\" class=\"attachment-awsm_team size-awsm_team wp-post-image\" alt=\"\" sizes=\"auto, 100vw\" \/>\t\t\t\t\t\t <figcaption class=\"awsm-figcaption\">\n\t\t\t\t\t\t\t<div class=\"awsm-personal-info\"><h3>Anna-Lena<\/h3><span><\/span><\/div>\t\t\t\t\t\t\t<div class=\"awsm-contact-info\">\n\t\t\t\t\t\t\t\t\t\t\t\t\t\t\t<\/div> <!-- .awsm-contact-info -->\n\t\t\t\t\t\t\t\t\t\t\t\t\t <\/figcaption>\n\t\t\t\t\t  <!-- <\/span> -->\n\t\t\t\t   <\/figure>\n\t\t\t\t<\/div>\n\t\t\t\t\t\t\t<div id=\"awsm-member-936-943\" class=\"awsm-grid-card\">\n\t\t\t\t   <figure>\n\t\t\t\t\t\t<img loading=\"lazy\" decoding=\"async\" width=\"227\" height=\"209\" src=\"https:\/\/hundefreunde-hochrhein.org\/wp-content\/uploads\/2022\/03\/Daniel1.jpg\" class=\"attachment-awsm_team size-awsm_team wp-post-image\" alt=\"\" sizes=\"auto, 100vw\" \/>\t\t\t\t\t\t <figcaption class=\"awsm-figcaption\">\n\t\t\t\t\t\t\t<div class=\"awsm-personal-info\"><h3>Nicole<\/h3><span><\/span><\/div>\t\t\t\t\t\t\t<div class=\"awsm-contact-info\">\n\t\t\t\t\t\t\t\t\t\t\t\t\t\t\t<\/div> <!-- .awsm-contact-info -->\n\t\t\t\t\t\t\t\t\t\t\t\t\t <\/figcaption>\n\t\t\t\t\t  <!-- <\/span> -->\n\t\t\t\t   <\/figure>\n\t\t\t\t<\/div>\n\t\t\t\t\t\t\t<div id=\"awsm-member-936-944\" class=\"awsm-grid-card\">\n\t\t\t\t   <figure>\n\t\t\t\t\t\t<img loading=\"lazy\" decoding=\"async\" width=\"211\" height=\"193\" src=\"https:\/\/hundefreunde-hochrhein.org\/wp-content\/uploads\/2022\/04\/Gregor_Raphaela.webp\" class=\"attachment-awsm_team size-awsm_team wp-post-image\" alt=\"\" sizes=\"auto, 100vw\" \/>\t\t\t\t\t\t <figcaption class=\"awsm-figcaption\">\n\t\t\t\t\t\t\t<div class=\"awsm-personal-info\"><h3>Raphaela<\/h3><span><\/span><\/div>\t\t\t\t\t\t\t<div class=\"awsm-contact-info\">\n\t\t\t\t\t\t\t\t\t\t\t\t\t\t\t<\/div> <!-- .awsm-contact-info -->\n\t\t\t\t\t\t\t\t\t\t\t\t\t <\/figcaption>\n\t\t\t\t\t  <!-- <\/span> -->\n\t\t\t\t   <\/figure>\n\t\t\t\t<\/div>\n\t\t\t\t\t<\/div><!-- .grid -->\n\t\t<\/div>\n\n\n\n\n<p><\/p>\n","protected":false},"excerpt":{"rendered":"<p>Unsere Trainer setzen sich f\u00fcr einen funktionierenden Trainingsbetrieb ein und planen die \u00dcbungseinheiten mit viel liebe zum Detail. Der Spa\u00df soll immer im Vordergrund stehen und die Bindung zwischen Hund und Mensch soll gefestigt werden. Seit 2023 haben Nicole und Anna-Lena den \u201eTrainerschein Hoopers\u201c vom swhv.<\/p>\n","protected":false},"author":3,"featured_media":0,"parent":0,"menu_order":0,"comment_status":"closed","ping_status":"closed","template":"","meta":{"inspiro_hide_title":false,"footnotes":""},"class_list":["post-382","page","type-page","status-publish","hentry"],"_links":{"self":[{"href":"https:\/\/hundefreunde-hochrhein.org\/index.php?rest_route=\/wp\/v2\/pages\/382","targetHints":{"allow":["GET"]}}],"collection":[{"href":"https:\/\/hundefreunde-hochrhein.org\/index.php?rest_route=\/wp\/v2\/pages"}],"about":[{"href":"https:\/\/hundefreunde-hochrhein.org\/index.php?rest_route=\/wp\/v2\/types\/page"}],"author":[{"embeddable":true,"href":"https:\/\/hundefreunde-hochrhein.org\/index.php?rest_route=\/wp\/v2\/users\/3"}],"replies":[{"embeddable":true,"href":"https:\/\/hundefreunde-hochrhein.org\/index.php?rest_route=%2Fwp%2Fv2%2Fcomments&post=382"}],"version-history":[{"count":15,"href":"https:\/\/hundefreunde-hochrhein.org\/index.php?rest_route=\/wp\/v2\/pages\/382\/revisions"}],"predecessor-version":[{"id":1074,"href":"https:\/\/hundefreunde-hochrhein.org\/index.php?rest_route=\/wp\/v2\/pages\/382\/revisions\/1074"}],"wp:attachment":[{"href":"https:\/\/hundefreunde-hochrhein.org\/index.php?rest_route=%2Fwp%2Fv2%2Fmedia&parent=382"}],"curies":[{"name":"wp","href":"https:\/\/api.w.org\/{rel}","templated":true}]}}